{"id":87,"date":"2025-07-17T18:08:14","date_gmt":"2025-07-17T18:08:14","guid":{"rendered":"https:\/\/catherineandmatthew.getmarried.pt\/?page_id=87"},"modified":"2026-02-25T11:09:48","modified_gmt":"2026-02-25T11:09:48","slug":"love-story","status":"publish","type":"page","link":"https:\/\/catherineandmatthew.getmarried.pt\/pt\/love-story\/","title":{"rendered":"A NOSSA HIST\u00d3RIA"},"content":{"rendered":"<div data-elementor-type=\"wp-page\" data-elementor-id=\"87\" class=\"elementor elementor-87\">\n\t\t\t\t<div class=\"elementor-element elementor-element-d00c250 e-flex e-con-boxed e-con e-parent\" data-id=\"d00c250\" data-element_type=\"container\">\n\t\t\t\t\t<div class=\"e-con-inner\">\n\t\t\t\t<div class=\"elementor-element elementor-element-1b2587e elementor-widget elementor-widget-spacer\" data-id=\"1b2587e\" data-element_type=\"widget\" data-widget_type=\"spacer.default\">\n\t\t\t\t\t\t\t<div class=\"elementor-spacer\">\n\t\t\t<div class=\"elementor-spacer-inner\"><\/div>\n\t\t<\/div>\n\t\t\t\t\t\t<\/div>\n\t\t\t\t\t<\/div>\n\t\t\t\t<\/div>\n\t\t<div class=\"elementor-element elementor-element-9dbbdcb e-flex e-con-boxed e-con e-parent\" data-id=\"9dbbdcb\" data-element_type=\"container\">\n\t\t\t\t\t<div class=\"e-con-inner\">\n\t\t<div class=\"elementor-element elementor-element-e8cf146 e-con-full e-flex e-con e-child\" data-id=\"e8cf146\" data-element_type=\"container\">\n\t\t\t\t<div class=\"elementor-element elementor-element-821b20f elementor-widget elementor-widget-text-editor\" data-id=\"821b20f\" data-element_type=\"widget\" data-widget_type=\"text-editor.default\">\n\t\t\t\t\t\t\t\t\t<p><b>Estamos muito felizes por voc\u00eas estarem conosco, vindos de perto e de longe, para celebrar o nosso dia especial, no m\u00e1gico pa\u00eds de Portugal!<\/b><\/p>\n<p><b>Esperamos sinceramente que voc\u00ea tenha a oportunidade de explorar e vivenciar o legado de Matt, bem como alguns lugares que Catherine amava durante o per\u00edodo em que viveram juntos em Portugal, em 2024.<\/b><\/p>\n<p><b>Seguem algumas ideias para as vossas viagens, mas sinta-se \u00e0 vontade para explorar tudo o que Portugal tem a oferecer e encontrar os vossos lugares favoritos!<\/b><\/p>\t\t\t\t\t\t\t\t<\/div>\n\t\t\t\t<\/div>\n\t\t\t\t\t<\/div>\n\t\t\t\t<\/div>\n\t\t<div class=\"elementor-element elementor-element-e25e98a e-flex e-con-boxed e-con e-parent\" data-id=\"e25e98a\" data-element_type=\"container\">\n\t\t\t\t\t<div class=\"e-con-inner\">\n\t\t\t\t<div class=\"elementor-element elementor-element-a4c86b3 elementor-widget elementor-widget-image\" data-id=\"a4c86b3\" data-element_type=\"widget\" data-widget_type=\"image.default\">\n\t\t\t\t\t\t\t\t\t\t\t\t\t\t\t<img fetchpriority=\"high\" decoding=\"async\" width=\"1920\" height=\"1080\" src=\"https:\/\/catherineandmatthew.getmarried.pt\/wp-content\/uploads\/2026\/01\/galeria.jpg\" class=\"attachment-full size-full wp-image-364\" alt=\"\" srcset=\"https:\/\/catherineandmatthew.getmarried.pt\/wp-content\/uploads\/2026\/01\/galeria.jpg 1920w, https:\/\/catherineandmatthew.getmarried.pt\/wp-content\/uploads\/2026\/01\/galeria-300x169.jpg 300w, https:\/\/catherineandmatthew.getmarried.pt\/wp-content\/uploads\/2026\/01\/galeria-1024x576.jpg 1024w, https:\/\/catherineandmatthew.getmarried.pt\/wp-content\/uploads\/2026\/01\/galeria-768x432.jpg 768w, https:\/\/catherineandmatthew.getmarried.pt\/wp-content\/uploads\/2026\/01\/galeria-1536x864.jpg 1536w\" sizes=\"(max-width: 1920px) 100vw, 1920px\" \/>\t\t\t\t\t\t\t\t\t\t\t\t\t\t\t<\/div>\n\t\t\t\t\t<\/div>\n\t\t\t\t<\/div>\n\t\t<div class=\"elementor-element elementor-element-e54a1ef e-flex e-con-boxed e-con e-parent\" data-id=\"e54a1ef\" data-element_type=\"container\">\n\t\t\t\t\t<div class=\"e-con-inner\">\n\t\t\t\t<div class=\"elementor-element elementor-element-75cf12d elementor-widget elementor-widget-spacer\" data-id=\"75cf12d\" data-element_type=\"widget\" data-widget_type=\"spacer.default\">\n\t\t\t\t\t\t\t<div class=\"elementor-spacer\">\n\t\t\t<div class=\"elementor-spacer-inner\"><\/div>\n\t\t<\/div>\n\t\t\t\t\t\t<\/div>\n\t\t\t\t\t<\/div>\n\t\t\t\t<\/div>\n\t\t<div class=\"elementor-element elementor-element-373bf95 e-flex e-con-boxed e-con e-parent\" data-id=\"373bf95\" data-element_type=\"container\">\n\t\t\t\t\t<div class=\"e-con-inner\">\n\t\t\t\t<div class=\"elementor-element elementor-element-03afcfb elementor-widget elementor-widget-heading\" data-id=\"03afcfb\" data-element_type=\"widget\" data-widget_type=\"heading.default\">\n\t\t\t\t\t<h2 class=\"elementor-heading-title elementor-size-default\">Catherine &amp; Matthew<\/h2>\t\t\t\t<\/div>\n\t\t\t\t<div class=\"elementor-element elementor-element-9d7192c elementor-widget elementor-widget-heading\" data-id=\"9d7192c\" data-element_type=\"widget\" data-widget_type=\"heading.default\">\n\t\t\t\t\t<h2 class=\"elementor-heading-title elementor-size-default\">July 1st, 2026<\/h2>\t\t\t\t<\/div>\n\t\t\t\t\t<\/div>\n\t\t\t\t<\/div>\n\t\t\t\t<\/div>","protected":false},"excerpt":{"rendered":"<p>We are beyond thrilled you are joining us from near and far to celebrate our special day in the magical country of Portugal! Our sincere hope is you get to spend some time exploring and experiencing Matt\u2019s heritage as well as some places Catherine loved during their time in 2024. Below are some ideas for&hellip;&nbsp;<a href=\"https:\/\/catherineandmatthew.getmarried.pt\/pt\/love-story\/\" rel=\"bookmark\"><span class=\"screen-reader-text\">A NOSSA HIST\u00d3RIA<\/span><\/a><\/p>","protected":false},"author":1,"featured_media":0,"parent":0,"menu_order":0,"comment_status":"closed","ping_status":"closed","template":"page-templates\/template-pagebuilder-full-width.php","meta":{"pagelayer_contact_templates":[],"_pagelayer_content":"","neve_meta_sidebar":"","neve_meta_container":"","neve_meta_enable_content_width":"","neve_meta_content_width":0,"neve_meta_title_alignment":"","neve_meta_author_avatar":"","neve_post_elements_order":"","neve_meta_disable_header":"","neve_meta_disable_footer":"","neve_meta_disable_title":"on","footnotes":""},"class_list":["post-87","page","type-page","status-publish","hentry"],"_links":{"self":[{"href":"https:\/\/catherineandmatthew.getmarried.pt\/pt\/wp-json\/wp\/v2\/pages\/87","targetHints":{"allow":["GET"]}}],"collection":[{"href":"https:\/\/catherineandmatthew.getmarried.pt\/pt\/wp-json\/wp\/v2\/pages"}],"about":[{"href":"https:\/\/catherineandmatthew.getmarried.pt\/pt\/wp-json\/wp\/v2\/types\/page"}],"author":[{"embeddable":true,"href":"https:\/\/catherineandmatthew.getmarried.pt\/pt\/wp-json\/wp\/v2\/users\/1"}],"replies":[{"embeddable":true,"href":"https:\/\/catherineandmatthew.getmarried.pt\/pt\/wp-json\/wp\/v2\/comments?post=87"}],"version-history":[{"count":25,"href":"https:\/\/catherineandmatthew.getmarried.pt\/pt\/wp-json\/wp\/v2\/pages\/87\/revisions"}],"predecessor-version":[{"id":508,"href":"https:\/\/catherineandmatthew.getmarried.pt\/pt\/wp-json\/wp\/v2\/pages\/87\/revisions\/508"}],"wp:attachment":[{"href":"https:\/\/catherineandmatthew.getmarried.pt\/pt\/wp-json\/wp\/v2\/media?parent=87"}],"curies":[{"name":"wp","href":"https:\/\/api.w.org\/{rel}","templated":true}]}}