{"id":27,"date":"2025-07-16T20:20:30","date_gmt":"2025-07-16T20:20:30","guid":{"rendered":"https:\/\/catherineandmatthew.getmarried.pt\/?page_id=27"},"modified":"2026-02-25T11:06:51","modified_gmt":"2026-02-25T11:06:51","slug":"home","status":"publish","type":"page","link":"https:\/\/catherineandmatthew.getmarried.pt\/pt\/","title":{"rendered":"Catherine and Matthew"},"content":{"rendered":"<div data-elementor-type=\"wp-page\" data-elementor-id=\"27\" class=\"elementor elementor-27\">\n\t\t\t\t<div class=\"elementor-element elementor-element-5b80a70 e-flex e-con-boxed e-con e-parent\" data-id=\"5b80a70\" data-element_type=\"container\">\n\t\t\t\t\t<div class=\"e-con-inner\">\n\t\t\t\t<div class=\"elementor-element elementor-element-f5b72ef elementor-widget elementor-widget-spacer\" data-id=\"f5b72ef\" data-element_type=\"widget\" data-widget_type=\"spacer.default\">\n\t\t\t\t\t\t\t<div class=\"elementor-spacer\">\n\t\t\t<div class=\"elementor-spacer-inner\"><\/div>\n\t\t<\/div>\n\t\t\t\t\t\t<\/div>\n\t\t\t\t\t<\/div>\n\t\t\t\t<\/div>\n\t\t<div class=\"elementor-element elementor-element-cc4c150 e-flex e-con-boxed e-con e-parent\" data-id=\"cc4c150\" data-element_type=\"container\">\n\t\t\t\t\t<div class=\"e-con-inner\">\n\t\t\t\t<div class=\"elementor-element elementor-element-2115812 elementor-widget elementor-widget-heading\" data-id=\"2115812\" data-element_type=\"widget\" data-widget_type=\"heading.default\">\n\t\t\t\t\t<h2 class=\"elementor-heading-title elementor-size-default\">Catherine &amp; Matthew v\u00e3o casar!<\/h2>\t\t\t\t<\/div>\n\t\t\t\t\t<\/div>\n\t\t\t\t<\/div>\n\t\t<div class=\"elementor-element elementor-element-65e700d e-flex e-con-boxed e-con e-parent\" data-id=\"65e700d\" data-element_type=\"container\">\n\t\t\t\t\t<div class=\"e-con-inner\">\n\t\t\t\t<div class=\"elementor-element elementor-element-e6df460 elementor-widget elementor-widget-text-editor\" data-id=\"e6df460\" data-element_type=\"widget\" data-widget_type=\"text-editor.default\">\n\t\t\t\t\t\t\t\t\t<p>Junte-se a n\u00f3s numa viagem at\u00e9 o altar (e atrav\u00e9s do oceano) rumo ao Porto, Portugal.<\/p>\t\t\t\t\t\t\t\t<\/div>\n\t\t\t\t\t<\/div>\n\t\t\t\t<\/div>\n\t\t<div class=\"elementor-element elementor-element-8b4c3d8 e-flex e-con-boxed e-con e-parent\" data-id=\"8b4c3d8\" data-element_type=\"container\" data-settings=\"{&quot;background_background&quot;:&quot;classic&quot;}\">\n\t\t\t\t\t<div class=\"e-con-inner\">\n\t\t\t\t<div class=\"elementor-element elementor-element-b578fe2 elementor-widget elementor-widget-image\" data-id=\"b578fe2\" data-element_type=\"widget\" data-widget_type=\"image.default\">\n\t\t\t\t\t\t\t\t\t\t\t\t\t\t\t<img fetchpriority=\"high\" decoding=\"async\" width=\"1024\" height=\"434\" src=\"https:\/\/catherineandmatthew.getmarried.pt\/wp-content\/uploads\/2026\/01\/azulejo-banner-1024x434.jpg\" class=\"attachment-large size-large wp-image-346\" alt=\"\" srcset=\"https:\/\/catherineandmatthew.getmarried.pt\/wp-content\/uploads\/2026\/01\/azulejo-banner-1024x434.jpg 1024w, https:\/\/catherineandmatthew.getmarried.pt\/wp-content\/uploads\/2026\/01\/azulejo-banner-300x127.jpg 300w, https:\/\/catherineandmatthew.getmarried.pt\/wp-content\/uploads\/2026\/01\/azulejo-banner-768x326.jpg 768w, https:\/\/catherineandmatthew.getmarried.pt\/wp-content\/uploads\/2026\/01\/azulejo-banner-1536x652.jpg 1536w, https:\/\/catherineandmatthew.getmarried.pt\/wp-content\/uploads\/2026\/01\/azulejo-banner-2048x869.jpg 2048w\" sizes=\"(max-width: 1024px) 100vw, 1024px\" \/>\t\t\t\t\t\t\t\t\t\t\t\t\t\t\t<\/div>\n\t\t\t\t\t<\/div>\n\t\t\t\t<\/div>\n\t\t<div class=\"elementor-element elementor-element-4c700f2 e-flex e-con-boxed e-con e-parent\" data-id=\"4c700f2\" data-element_type=\"container\">\n\t\t\t\t\t<div class=\"e-con-inner\">\n\t\t<div class=\"elementor-element elementor-element-906022c e-con-full e-flex e-con e-child\" data-id=\"906022c\" data-element_type=\"container\">\n\t\t\t\t<\/div>\n\t\t<div class=\"elementor-element elementor-element-0eebda6 e-con-full e-flex e-con e-child\" data-id=\"0eebda6\" data-element_type=\"container\">\n\t\t\t\t<div class=\"elementor-element elementor-element-ea43e67 elementor-widget elementor-widget-heading\" data-id=\"ea43e67\" data-element_type=\"widget\" data-widget_type=\"heading.default\">\n\t\t\t\t\t<h2 class=\"elementor-heading-title elementor-size-default\">Catherine  &amp;  Matthew<\/h2>\t\t\t\t<\/div>\n\t\t\t\t<\/div>\n\t\t<div class=\"elementor-element elementor-element-67967e3 e-con-full e-flex e-con e-child\" data-id=\"67967e3\" data-element_type=\"container\">\n\t\t\t\t<\/div>\n\t\t\t\t\t<\/div>\n\t\t\t\t<\/div>\n\t\t<div class=\"elementor-element elementor-element-4c50787 e-flex e-con-boxed e-con e-parent\" data-id=\"4c50787\" data-element_type=\"container\">\n\t\t\t\t\t<div class=\"e-con-inner\">\n\t\t<div class=\"elementor-element elementor-element-c7b6ac2 e-con-full e-flex e-con e-child\" data-id=\"c7b6ac2\" data-element_type=\"container\">\n\t\t\t\t<\/div>\n\t\t<div class=\"elementor-element elementor-element-2af72eb e-con-full e-flex e-con e-child\" data-id=\"2af72eb\" data-element_type=\"container\">\n\t\t\t\t<div class=\"elementor-element elementor-element-f719fec elementor-widget__width-initial elementor-widget elementor-widget-heading\" data-id=\"f719fec\" data-element_type=\"widget\" data-widget_type=\"heading.default\">\n\t\t\t\t\t<h2 class=\"elementor-heading-title elementor-size-default\">Casamento soa t\u00e3o bem. Mal podemos esperar para celebrar o nosso com voc\u00eas. Encontre todos os detalhes aqui - vemos-nos no altar!<\/h2>\t\t\t\t<\/div>\n\t\t\t\t<div class=\"elementor-element elementor-element-7e4cc37 elementor-widget__width-initial elementor-widget elementor-widget-heading\" data-id=\"7e4cc37\" data-element_type=\"widget\" data-widget_type=\"heading.default\">\n\t\t\t\t\t<h2 class=\"elementor-heading-title elementor-size-default\">Quarta-feira, 1 de julho de 2026, \u00e0s 13h<\/h2>\t\t\t\t<\/div>\n\t\t\t\t<div class=\"elementor-element elementor-element-1ee3a42 elementor-widget__width-initial elementor-widget elementor-widget-heading\" data-id=\"1ee3a42\" data-element_type=\"widget\" data-widget_type=\"heading.default\">\n\t\t\t\t\t<h2 class=\"elementor-heading-title elementor-size-default\">Igreja de Santa Luzia, Viana do Castelo - 12h30m<\/h2>\t\t\t\t<\/div>\n\t\t\t\t<\/div>\n\t\t<div class=\"elementor-element elementor-element-30d2214 e-con-full e-flex e-con e-child\" data-id=\"30d2214\" data-element_type=\"container\">\n\t\t\t\t<\/div>\n\t\t\t\t\t<\/div>\n\t\t\t\t<\/div>\n\t\t<div class=\"elementor-element elementor-element-cb1b310 e-flex e-con-boxed e-con e-parent\" data-id=\"cb1b310\" data-element_type=\"container\">\n\t\t\t\t\t<div class=\"e-con-inner\">\n\t\t<div class=\"elementor-element elementor-element-f49e0f9 e-con-full e-flex e-con e-child\" data-id=\"f49e0f9\" data-element_type=\"container\">\n\t\t\t\t<div class=\"elementor-element elementor-element-d67b514 elementor-widget elementor-widget-image\" data-id=\"d67b514\" data-element_type=\"widget\" data-widget_type=\"image.default\">\n\t\t\t\t\t\t\t\t\t\t\t\t\t\t\t<img decoding=\"async\" width=\"1000\" height=\"667\" src=\"https:\/\/catherineandmatthew.getmarried.pt\/wp-content\/uploads\/2026\/01\/viana-do-castelo.jpg\" class=\"attachment-large size-large wp-image-489\" alt=\"\" srcset=\"https:\/\/catherineandmatthew.getmarried.pt\/wp-content\/uploads\/2026\/01\/viana-do-castelo.jpg 1000w, https:\/\/catherineandmatthew.getmarried.pt\/wp-content\/uploads\/2026\/01\/viana-do-castelo-300x200.jpg 300w, https:\/\/catherineandmatthew.getmarried.pt\/wp-content\/uploads\/2026\/01\/viana-do-castelo-768x512.jpg 768w, https:\/\/catherineandmatthew.getmarried.pt\/wp-content\/uploads\/2026\/01\/viana-do-castelo-930x620.jpg 930w\" sizes=\"(max-width: 1000px) 100vw, 1000px\" \/>\t\t\t\t\t\t\t\t\t\t\t\t\t\t\t<\/div>\n\t\t\t\t<\/div>\n\t\t<div class=\"elementor-element elementor-element-d39a2e5 e-con-full e-flex e-con e-child\" data-id=\"d39a2e5\" data-element_type=\"container\">\n\t\t\t\t<div class=\"elementor-element elementor-element-d67a26a elementor-widget elementor-widget-google_maps\" data-id=\"d67a26a\" data-element_type=\"widget\" data-widget_type=\"google_maps.default\">\n\t\t\t\t\t\t\t<div class=\"elementor-custom-embed\">\n\t\t\t<iframe loading=\"lazy\"\n\t\t\t\t\tsrc=\"https:\/\/maps.google.com\/maps?q=Igreja%20de%20Santa%20Luzia%2C%20Viana%20do%20Castelo%20&#038;t=m&#038;z=11&#038;output=embed&#038;iwloc=near\"\n\t\t\t\t\ttitle=\"Igreja de Santa Luzia, Viana do Castelo \"\n\t\t\t\t\taria-label=\"Igreja de Santa Luzia, Viana do Castelo \"\n\t\t\t><\/iframe>\n\t\t<\/div>\n\t\t\t\t\t\t<\/div>\n\t\t\t\t<\/div>\n\t\t\t\t\t<\/div>\n\t\t\t\t<\/div>\n\t\t<div class=\"elementor-element elementor-element-9cc1caa e-flex e-con-boxed e-con e-parent\" data-id=\"9cc1caa\" data-element_type=\"container\">\n\t\t\t\t\t<div class=\"e-con-inner\">\n\t\t<div class=\"elementor-element elementor-element-f56317a e-con-full e-flex e-con e-child\" data-id=\"f56317a\" data-element_type=\"container\">\n\t\t\t\t<\/div>\n\t\t<div class=\"elementor-element elementor-element-fed94c4 e-con-full e-flex e-con e-child\" data-id=\"fed94c4\" data-element_type=\"container\">\n\t\t\t\t<div class=\"elementor-element elementor-element-9a3a74f elementor-widget-divider--view-line elementor-widget elementor-widget-divider\" data-id=\"9a3a74f\" data-element_type=\"widget\" data-widget_type=\"divider.default\">\n\t\t\t\t\t\t\t<div class=\"elementor-divider\">\n\t\t\t<span class=\"elementor-divider-separator\">\n\t\t\t\t\t\t<\/span>\n\t\t<\/div>\n\t\t\t\t\t\t<\/div>\n\t\t\t\t<div class=\"elementor-element elementor-element-f5b02b3 elementor-widget__width-initial elementor-widget elementor-widget-heading\" data-id=\"f5b02b3\" data-element_type=\"widget\" data-widget_type=\"heading.default\">\n\t\t\t\t\t<h2 class=\"elementor-heading-title elementor-size-default\">Rece\u00e7\u00e3o: Quinta do Alferes de Crasto<\/h2>\t\t\t\t<\/div>\n\t\t\t\t<\/div>\n\t\t<div class=\"elementor-element elementor-element-da88fc4 e-con-full e-flex e-con e-child\" data-id=\"da88fc4\" data-element_type=\"container\">\n\t\t\t\t<\/div>\n\t\t\t\t\t<\/div>\n\t\t\t\t<\/div>\n\t\t<div class=\"elementor-element elementor-element-d33241b e-con-full e-flex e-con e-parent\" data-id=\"d33241b\" data-element_type=\"container\">\n\t\t\t\t<div class=\"elementor-element elementor-element-08bd9b4 elementor-widget elementor-widget-google_maps\" data-id=\"08bd9b4\" data-element_type=\"widget\" data-widget_type=\"google_maps.default\">\n\t\t\t\t\t\t\t<div class=\"elementor-custom-embed\">\n\t\t\t<iframe loading=\"lazy\"\n\t\t\t\t\tsrc=\"https:\/\/maps.google.com\/maps?q=Quinta%20do%20Alferes%20de%20Crasto%E2%80%8B&#038;t=m&#038;z=12&#038;output=embed&#038;iwloc=near\"\n\t\t\t\t\ttitle=\"Quinta do Alferes de Crasto\u200b\"\n\t\t\t\t\taria-label=\"Quinta do Alferes de Crasto\u200b\"\n\t\t\t><\/iframe>\n\t\t<\/div>\n\t\t\t\t\t\t<\/div>\n\t\t\t\t<\/div>\n\t\t<div class=\"elementor-element elementor-element-5d7908f e-flex e-con-boxed e-con e-parent\" data-id=\"5d7908f\" data-element_type=\"container\">\n\t\t\t\t\t<div class=\"e-con-inner\">\n\t\t\t\t\t<\/div>\n\t\t\t\t<\/div>\n\t\t\t\t<\/div>","protected":false},"excerpt":{"rendered":"<p>Catherine &amp; Matthew are getting married! Join us for a trip down the aisle (and across the ocean) to Porto, Portugal Catherine &amp; Matthew Marriage has a nice ring to it. We can&#8217;t wait to celebrate ours with you. Find all the details you need here\u2014we&#8217;ll see you at the altar! Wednesday, the 1st of&hellip;&nbsp;<a href=\"https:\/\/catherineandmatthew.getmarried.pt\/pt\/\" rel=\"bookmark\"><span class=\"screen-reader-text\">Catherine and Matthew<\/span><\/a><\/p>","protected":false},"author":1,"featured_media":0,"parent":0,"menu_order":0,"comment_status":"closed","ping_status":"closed","template":"","meta":{"pagelayer_contact_templates":[],"_pagelayer_content":"","neve_meta_sidebar":"","neve_meta_container":"","neve_meta_enable_content_width":"","neve_meta_content_width":0,"neve_meta_title_alignment":"","neve_meta_author_avatar":"","neve_post_elements_order":"","neve_meta_disable_header":"","neve_meta_disable_footer":"","neve_meta_disable_title":"on","footnotes":""},"class_list":["post-27","page","type-page","status-publish","hentry"],"_links":{"self":[{"href":"https:\/\/catherineandmatthew.getmarried.pt\/pt\/wp-json\/wp\/v2\/pages\/27","targetHints":{"allow":["GET"]}}],"collection":[{"href":"https:\/\/catherineandmatthew.getmarried.pt\/pt\/wp-json\/wp\/v2\/pages"}],"about":[{"href":"https:\/\/catherineandmatthew.getmarried.pt\/pt\/wp-json\/wp\/v2\/types\/page"}],"author":[{"embeddable":true,"href":"https:\/\/catherineandmatthew.getmarried.pt\/pt\/wp-json\/wp\/v2\/users\/1"}],"replies":[{"embeddable":true,"href":"https:\/\/catherineandmatthew.getmarried.pt\/pt\/wp-json\/wp\/v2\/comments?post=27"}],"version-history":[{"count":104,"href":"https:\/\/catherineandmatthew.getmarried.pt\/pt\/wp-json\/wp\/v2\/pages\/27\/revisions"}],"predecessor-version":[{"id":502,"href":"https:\/\/catherineandmatthew.getmarried.pt\/pt\/wp-json\/wp\/v2\/pages\/27\/revisions\/502"}],"wp:attachment":[{"href":"https:\/\/catherineandmatthew.getmarried.pt\/pt\/wp-json\/wp\/v2\/media?parent=27"}],"curies":[{"name":"wp","href":"https:\/\/api.w.org\/{rel}","templated":true}]}}